{"id":99,"date":"2024-02-29T09:47:54","date_gmt":"2024-02-29T12:47:54","guid":{"rendered":"https:\/\/elloxr.com.br\/?page_id=99"},"modified":"2024-09-10T12:01:10","modified_gmt":"2024-09-10T15:01:10","slug":"projct-x","status":"publish","type":"page","link":"https:\/\/elloxr.com.br\/?page_id=99","title":{"rendered":"Updates"},"content":{"rendered":"\t\t<div data-elementor-type=\"wp-page\" data-elementor-id=\"99\" class=\"elementor elementor-99\" data-elementor-post-type=\"page\">\n\t\t\t\t<div class=\"elementor-element elementor-element-3db7d4c e-flex e-con-boxed e-con e-parent\" data-id=\"3db7d4c\" data-element_type=\"container\" data-settings=\"{&quot;content_width&quot;:&quot;boxed&quot;}\" data-core-v316-plus=\"true\">\n\t\t\t\t\t<div class=\"e-con-inner\">\n\t\t\t\t<div class=\"elementor-element elementor-element-f819a4d elementor-grid-3 elementor-grid-tablet-2 elementor-grid-mobile-1 elementor-posts--thumbnail-top elementor-widget elementor-widget-posts\" data-id=\"f819a4d\" data-element_type=\"widget\" data-settings=\"{&quot;classic_columns&quot;:&quot;3&quot;,&quot;classic_columns_tablet&quot;:&quot;2&quot;,&quot;classic_columns_mobile&quot;:&quot;1&quot;,&quot;classic_row_gap&quot;:{&quot;unit&quot;:&quot;px&quot;,&quot;size&quot;:35,&quot;sizes&quot;:[]},&quot;classic_row_gap_tablet&quot;:{&quot;unit&quot;:&quot;px&quot;,&quot;size&quot;:&quot;&quot;,&quot;sizes&quot;:[]},&quot;classic_row_gap_mobile&quot;:{&quot;unit&quot;:&quot;px&quot;,&quot;size&quot;:&quot;&quot;,&quot;sizes&quot;:[]}}\" data-widget_type=\"posts.classic\">\n\t\t\t\t<div class=\"elementor-widget-container\">\n\t\t\t<link rel=\"stylesheet\" href=\"https:\/\/elloxr.com.br\/wp-content\/plugins\/elementor-pro\/assets\/css\/widget-posts.min.css\">\t\t<div class=\"elementor-posts-container elementor-posts elementor-posts--skin-classic elementor-grid\">\n\t\t\t\t<article class=\"elementor-post elementor-grid-item post-1065 post type-post status-publish format-standard has-post-thumbnail hentry category-blog\">\n\t\t\t\t<a class=\"elementor-post__thumbnail__link\" href=\"https:\/\/elloxr.com.br\/?p=1065\" tabindex=\"-1\" >\n\t\t\t<div class=\"elementor-post__thumbnail\"><img fetchpriority=\"high\" decoding=\"async\" width=\"300\" height=\"225\" src=\"https:\/\/elloxr.com.br\/wp-content\/uploads\/2024\/09\/IMG_6534-300x225.jpeg\" class=\"attachment-medium size-medium wp-image-1070\" alt=\"\" srcset=\"https:\/\/elloxr.com.br\/wp-content\/uploads\/2024\/09\/IMG_6534-300x225.jpeg 300w, https:\/\/elloxr.com.br\/wp-content\/uploads\/2024\/09\/IMG_6534-1024x768.jpeg 1024w, https:\/\/elloxr.com.br\/wp-content\/uploads\/2024\/09\/IMG_6534-768x576.jpeg 768w, https:\/\/elloxr.com.br\/wp-content\/uploads\/2024\/09\/IMG_6534-1536x1152.jpeg 1536w, https:\/\/elloxr.com.br\/wp-content\/uploads\/2024\/09\/IMG_6534-2048x1536.jpeg 2048w\" sizes=\"(max-width: 300px) 100vw, 300px\" \/><\/div>\n\t\t<\/a>\n\t\t\t\t<div class=\"elementor-post__text\">\n\t\t\t\t<h3 class=\"elementor-post__title\">\n\t\t\t<a href=\"https:\/\/elloxr.com.br\/?p=1065\" >\n\t\t\t\tVisita t\u00e9cnica ao COT de Lage e \u00e0 SE Gaspar 2\t\t\t<\/a>\n\t\t<\/h3>\n\t\t\t\t<div class=\"elementor-post__meta-data\">\n\t\t\t\t\t<span class=\"elementor-post-date\">\n\t\t\t3 de September de 2024\t\t<\/span>\n\t\t\t\t<span class=\"elementor-post-avatar\">\n\t\t\tNo Comments\t\t<\/span>\n\t\t\t\t<\/div>\n\t\t\t\t<div class=\"elementor-post__excerpt\">\n\t\t\t<p>A \u00faltima semana foi um marco significativo para o Interact. A equipe da ElloXR deu in\u00edcio \u00e0 jornada de execu\u00e7\u00e3o<\/p>\n\t\t<\/div>\n\t\t\n\t\t<a class=\"elementor-post__read-more\" href=\"https:\/\/elloxr.com.br\/?p=1065\" aria-label=\"Read more about Visita t\u00e9cnica ao COT de Lage e \u00e0 SE Gaspar 2\" tabindex=\"-1\" >\n\t\t\tRead More \u00bb\t\t<\/a>\n\n\t\t\t\t<\/div>\n\t\t\t\t<\/article>\n\t\t\t\t<article class=\"elementor-post elementor-grid-item post-147 post type-post status-publish format-standard has-post-thumbnail hentry category-blog category-user-experience category-xr-dev tag-dev tag-pedagogical tag-xr\">\n\t\t\t\t<a class=\"elementor-post__thumbnail__link\" href=\"https:\/\/elloxr.com.br\/?p=147\" tabindex=\"-1\" >\n\t\t\t<div class=\"elementor-post__thumbnail\"><img decoding=\"async\" width=\"300\" height=\"150\" src=\"https:\/\/elloxr.com.br\/wp-content\/uploads\/2024\/03\/image-1-300x150.jpeg\" class=\"attachment-medium size-medium wp-image-148\" alt=\"\" srcset=\"https:\/\/elloxr.com.br\/wp-content\/uploads\/2024\/03\/image-1-300x150.jpeg 300w, https:\/\/elloxr.com.br\/wp-content\/uploads\/2024\/03\/image-1-768x384.jpeg 768w, https:\/\/elloxr.com.br\/wp-content\/uploads\/2024\/03\/image-1.jpeg 850w\" sizes=\"(max-width: 300px) 100vw, 300px\" \/><\/div>\n\t\t<\/a>\n\t\t\t\t<div class=\"elementor-post__text\">\n\t\t\t\t<h3 class=\"elementor-post__title\">\n\t\t\t<a href=\"https:\/\/elloxr.com.br\/?p=147\" >\n\t\t\t\tSamsung Enters XR Device Marketplace, MWC 2024\t\t\t<\/a>\n\t\t<\/h3>\n\t\t\t\t<div class=\"elementor-post__meta-data\">\n\t\t\t\t\t<span class=\"elementor-post-date\">\n\t\t\t4 de March de 2024\t\t<\/span>\n\t\t\t\t<span class=\"elementor-post-avatar\">\n\t\t\tNo Comments\t\t<\/span>\n\t\t\t\t<\/div>\n\t\t\t\t<div class=\"elementor-post__excerpt\">\n\t\t\t<p>Today at MWC 2024, Samsung&nbsp;unveiled&nbsp;an upcoming XR headset the firm created alongside partners Google and Qualcomm, with a scheduled release<\/p>\n\t\t<\/div>\n\t\t\n\t\t<a class=\"elementor-post__read-more\" href=\"https:\/\/elloxr.com.br\/?p=147\" aria-label=\"Read more about Samsung Enters XR Device Marketplace, MWC 2024\" tabindex=\"-1\" >\n\t\t\tRead More \u00bb\t\t<\/a>\n\n\t\t\t\t<\/div>\n\t\t\t\t<\/article>\n\t\t\t\t<article class=\"elementor-post elementor-grid-item post-107 post type-post status-publish format-standard has-post-thumbnail hentry category-blog\">\n\t\t\t\t<a class=\"elementor-post__thumbnail__link\" href=\"https:\/\/elloxr.com.br\/?p=107\" tabindex=\"-1\" >\n\t\t\t<div class=\"elementor-post__thumbnail\"><img decoding=\"async\" width=\"300\" height=\"150\" src=\"https:\/\/elloxr.com.br\/wp-content\/uploads\/2024\/03\/image-300x150.jpeg\" class=\"attachment-medium size-medium wp-image-142\" alt=\"\" srcset=\"https:\/\/elloxr.com.br\/wp-content\/uploads\/2024\/03\/image-300x150.jpeg 300w, https:\/\/elloxr.com.br\/wp-content\/uploads\/2024\/03\/image-768x384.jpeg 768w, https:\/\/elloxr.com.br\/wp-content\/uploads\/2024\/03\/image.jpeg 850w\" sizes=\"(max-width: 300px) 100vw, 300px\" \/><\/div>\n\t\t<\/a>\n\t\t\t\t<div class=\"elementor-post__text\">\n\t\t\t\t<h3 class=\"elementor-post__title\">\n\t\t\t<a href=\"https:\/\/elloxr.com.br\/?p=107\" >\n\t\t\t\tWhat is Microsoft Teams Immersive Spaces?\t\t\t<\/a>\n\t\t<\/h3>\n\t\t\t\t<div class=\"elementor-post__meta-data\">\n\t\t\t\t\t<span class=\"elementor-post-date\">\n\t\t\t4 de March de 2024\t\t<\/span>\n\t\t\t\t<span class=\"elementor-post-avatar\">\n\t\t\tNo Comments\t\t<\/span>\n\t\t\t\t<\/div>\n\t\t\t\t<div class=\"elementor-post__excerpt\">\n\t\t\t<p>Microsoft Teams Immersive Spaces is taking collaboration to a new level. Powered by&nbsp;Microsoft Mesh, the new XR experience is now<\/p>\n\t\t<\/div>\n\t\t\n\t\t<a class=\"elementor-post__read-more\" href=\"https:\/\/elloxr.com.br\/?p=107\" aria-label=\"Read more about What is Microsoft Teams Immersive Spaces?\" tabindex=\"-1\" >\n\t\t\tRead More \u00bb\t\t<\/a>\n\n\t\t\t\t<\/div>\n\t\t\t\t<\/article>\n\t\t\t\t<article class=\"elementor-post elementor-grid-item post-28 post type-post status-publish format-standard has-post-thumbnail hentry category-blog\">\n\t\t\t\t<a class=\"elementor-post__thumbnail__link\" href=\"https:\/\/elloxr.com.br\/?p=28\" tabindex=\"-1\" >\n\t\t\t<div class=\"elementor-post__thumbnail\"><img loading=\"lazy\" decoding=\"async\" width=\"300\" height=\"200\" src=\"https:\/\/elloxr.com.br\/wp-content\/uploads\/2024\/02\/VIVE-blog-header-Industry-AEC-300x200.jpg\" class=\"attachment-medium size-medium wp-image-19\" alt=\"\" srcset=\"https:\/\/elloxr.com.br\/wp-content\/uploads\/2024\/02\/VIVE-blog-header-Industry-AEC-300x200.jpg 300w, https:\/\/elloxr.com.br\/wp-content\/uploads\/2024\/02\/VIVE-blog-header-Industry-AEC-1024x683.jpg 1024w, https:\/\/elloxr.com.br\/wp-content\/uploads\/2024\/02\/VIVE-blog-header-Industry-AEC-768x512.jpg 768w, https:\/\/elloxr.com.br\/wp-content\/uploads\/2024\/02\/VIVE-blog-header-Industry-AEC-1536x1024.jpg 1536w, https:\/\/elloxr.com.br\/wp-content\/uploads\/2024\/02\/VIVE-blog-header-Industry-AEC.jpg 1920w\" sizes=\"(max-width: 300px) 100vw, 300px\" \/><\/div>\n\t\t<\/a>\n\t\t\t\t<div class=\"elementor-post__text\">\n\t\t\t\t<h3 class=\"elementor-post__title\">\n\t\t\t<a href=\"https:\/\/elloxr.com.br\/?p=28\" >\n\t\t\t\tMeta CTO: Android XR Rejected Due to Google\u2019s \u201crestrictive\u201d Terms &amp; Plans to Fragment XR\t\t\t<\/a>\n\t\t<\/h3>\n\t\t\t\t<div class=\"elementor-post__meta-data\">\n\t\t\t\t\t<span class=\"elementor-post-date\">\n\t\t\t28 de February de 2024\t\t<\/span>\n\t\t\t\t<span class=\"elementor-post-avatar\">\n\t\t\tNo Comments\t\t<\/span>\n\t\t\t\t<\/div>\n\t\t\t\t<div class=\"elementor-post__excerpt\">\n\t\t\t<p>A report from&nbsp;The Information&nbsp;last week alleged Meta and Google held talks in effort&nbsp;to bring Android XR to Quest. Meta CTO<\/p>\n\t\t<\/div>\n\t\t\n\t\t<a class=\"elementor-post__read-more\" href=\"https:\/\/elloxr.com.br\/?p=28\" aria-label=\"Read more about Meta CTO: Android XR Rejected Due to Google\u2019s \u201crestrictive\u201d Terms &amp; Plans to Fragment XR\" tabindex=\"-1\" >\n\t\t\tRead More \u00bb\t\t<\/a>\n\n\t\t\t\t<\/div>\n\t\t\t\t<\/article>\n\t\t\t\t<\/div>\n\t\t\n\t\t\t\t<\/div>\n\t\t\t\t<\/div>\n\t\t\t\t\t<\/div>\n\t\t\t\t<\/div>\n\t\t\t\t<\/div>\n\t\t","protected":false},"excerpt":{"rendered":"","protected":false},"author":2,"featured_media":0,"parent":0,"menu_order":0,"comment_status":"closed","ping_status":"closed","template":"","meta":{"site-sidebar-layout":"default","site-content-layout":"","ast-site-content-layout":"default","site-content-style":"default","site-sidebar-style":"default","ast-global-header-display":"","ast-banner-title-visibility":"","ast-main-header-display":"","ast-hfb-above-header-display":"","ast-hfb-below-header-display":"","ast-hfb-mobile-header-display":"","site-post-title":"","ast-breadcrumbs-content":"","ast-featured-img":"","footer-sml-layout":"","ast-disable-related-posts":"","theme-transparent-header-meta":"","adv-header-id-meta":"","stick-header-meta":"","header-above-stick-meta":"","header-main-stick-meta":"","header-below-stick-meta":"","astra-migrate-meta-layouts":"default","ast-page-background-enabled":"default","ast-page-background-meta":{"desktop":{"background-color":"var(--ast-global-color-4)","background-image":"","background-repeat":"repeat","background-position":"center center","background-size":"auto","background-attachment":"scroll","background-type":"","background-media":"","overlay-type":"","overlay-color":"","overlay-opacity":"","overlay-gradient":""},"tablet":{"background-color":"","background-image":"","background-repeat":"repeat","background-position":"center center","background-size":"auto","background-attachment":"scroll","background-type":"","background-media":"","overlay-type":"","overlay-color":"","overlay-opacity":"","overlay-gradient":""},"mobile":{"background-color":"","background-image":"","background-repeat":"repeat","background-position":"center center","background-size":"auto","background-attachment":"scroll","background-type":"","background-media":"","overlay-type":"","overlay-color":"","overlay-opacity":"","overlay-gradient":""}},"ast-content-background-meta":{"desktop":{"background-color":"var(--ast-global-color-5)","background-image":"","background-repeat":"repeat","background-position":"center center","background-size":"auto","background-attachment":"scroll","background-type":"","background-media":"","overlay-type":"","overlay-color":"","overlay-opacity":"","overlay-gradient":""},"tablet":{"background-color":"var(--ast-global-color-5)","background-image":"","background-repeat":"repeat","background-position":"center center","background-size":"auto","background-attachment":"scroll","background-type":"","background-media":"","overlay-type":"","overlay-color":"","overlay-opacity":"","overlay-gradient":""},"mobile":{"background-color":"var(--ast-global-color-5)","background-image":"","background-repeat":"repeat","background-position":"center center","background-size":"auto","background-attachment":"scroll","background-type":"","background-media":"","overlay-type":"","overlay-color":"","overlay-opacity":"","overlay-gradient":""}},"footnotes":""},"class_list":["post-99","page","type-page","status-publish","hentry"],"_links":{"self":[{"href":"https:\/\/elloxr.com.br\/index.php?rest_route=\/wp\/v2\/pages\/99"}],"collection":[{"href":"https:\/\/elloxr.com.br\/index.php?rest_route=\/wp\/v2\/pages"}],"about":[{"href":"https:\/\/elloxr.com.br\/index.php?rest_route=\/wp\/v2\/types\/page"}],"author":[{"embeddable":true,"href":"https:\/\/elloxr.com.br\/index.php?rest_route=\/wp\/v2\/users\/2"}],"replies":[{"embeddable":true,"href":"https:\/\/elloxr.com.br\/index.php?rest_route=%2Fwp%2Fv2%2Fcomments&post=99"}],"version-history":[{"count":17,"href":"https:\/\/elloxr.com.br\/index.php?rest_route=\/wp\/v2\/pages\/99\/revisions"}],"predecessor-version":[{"id":1122,"href":"https:\/\/elloxr.com.br\/index.php?rest_route=\/wp\/v2\/pages\/99\/revisions\/1122"}],"wp:attachment":[{"href":"https:\/\/elloxr.com.br\/index.php?rest_route=%2Fwp%2Fv2%2Fmedia&parent=99"}],"curies":[{"name":"wp","href":"https:\/\/api.w.org\/{rel}","templated":true}]}}